{"id":23,"date":"2025-11-06T16:25:11","date_gmt":"2025-11-06T16:25:11","guid":{"rendered":"https:\/\/francescadesalvia.com\/sobre\/"},"modified":"2025-11-10T21:10:44","modified_gmt":"2025-11-10T21:10:44","slug":"sobre","status":"publish","type":"page","link":"https:\/\/francescadesalvia.com\/en\/sobre\/","title":{"rendered":"Sobre mi"},"content":{"rendered":"<div class=\"wp-block-group alignfull has-background-background-color has-background has-global-padding is-layout-constrained wp-container-core-group-is-layout-7276a2bb wp-block-group-is-layout-constrained\" id=\"acerca-de\" style=\"margin-top:0;margin-bottom:0;padding-top:var(--wp--preset--spacing--60);padding-right:var(--wp--preset--spacing--30);padding-bottom:var(--wp--preset--spacing--60);padding-left:var(--wp--preset--spacing--30)\">\n<div class=\"wp-block-columns alignwide are-vertically-aligned-center is-layout-flex wp-container-core-columns-is-layout-47c06fe3 wp-block-columns-is-layout-flex\">\n<div class=\"wp-block-column is-vertically-aligned-center is-layout-flow wp-container-core-column-is-layout-f5bb311e wp-block-column-is-layout-flow\" style=\"flex-basis:50%\">\n<div class=\"wp-block-group has-global-padding is-layout-constrained wp-container-core-group-is-layout-279e0ccb wp-block-group-is-layout-constrained\">\n<figure class=\"wp-block-image has-custom-border\"><img loading=\"lazy\" decoding=\"async\" width=\"960\" height=\"1440\" src=\"https:\/\/francescadesalvia.com\/wp-content\/uploads\/2025\/11\/84af601b011596de0510fc6b96a4789533076571.jpg\" alt=\"\" class=\"wp-image-40\" style=\"border-radius:20rem;aspect-ratio:3\/4;object-fit:cover\" srcset=\"https:\/\/francescadesalvia.com\/wp-content\/uploads\/2025\/11\/84af601b011596de0510fc6b96a4789533076571.jpg 960w, https:\/\/francescadesalvia.com\/wp-content\/uploads\/2025\/11\/84af601b011596de0510fc6b96a4789533076571-200x300.jpg 200w, https:\/\/francescadesalvia.com\/wp-content\/uploads\/2025\/11\/84af601b011596de0510fc6b96a4789533076571-683x1024.jpg 683w, https:\/\/francescadesalvia.com\/wp-content\/uploads\/2025\/11\/84af601b011596de0510fc6b96a4789533076571-768x1152.jpg 768w\" sizes=\"auto, (max-width: 960px) 100vw, 960px\" \/><\/figure>\n<\/div>\n<\/div>\n\n\n\n<div class=\"wp-block-column is-vertically-aligned-center is-layout-flow wp-block-column-is-layout-flow\" style=\"flex-basis:60%\">\n<h2 class=\"wp-block-heading has-large-font-size\"><\/h2>\n\n\n\n<p style=\"margin-top:16px\">Soy <strong>graduada en Neurociencias por la Universidad de Roma<\/strong>, donde descubr\u00ed mi inter\u00e9s por comprender c\u00f3mo las emociones, los pensamientos y el cuerpo se influyen mutuamente. Despu\u00e9s, he enriquecido mi practica cl\u00ednica con la <strong>psicolog\u00eda anal\u00edtica<\/strong>, fascinada por la profundidad con la que esta corriente aborda el mundo interior, los s\u00edmbolos y los procesos de autoconocimiento.<\/p>\n\n\n\n<p>Actualmente trabajo como <strong>operadora de psicoterapia pr\u00e1nica<\/strong>, integrando el enfoque psicol\u00f3gico con la dimensi\u00f3n energ\u00e9tica del ser humano. Esta combinaci\u00f3n me permite acompa\u00f1ar a las personas en el proceso de liberar bloqueos emocionales, reducir el estr\u00e9s y desarrollar una relaci\u00f3n m\u00e1s consciente y equilibrada consigo mismas.<\/p>\n\n\n\n<p>Mi forma de trabajar se basa en la <strong>escucha atenta, la comprensi\u00f3n profunda y el respeto por el ritmo de cada persona<\/strong>. Creo que el bienestar psicol\u00f3gico surge cuando mente y energ\u00eda se armonizan, permitiendo que la persona recupere claridad, estabilidad y confianza en su propio proceso de crecimiento.<\/p>\n\n\n\n<p>A lo largo de mi experiencia he visto c\u00f3mo, detr\u00e1s de muchos s\u00edntomas emocionales o f\u00edsicos, existen <strong>patrones energ\u00e9ticos y mentales que pueden transformarse<\/strong> cuando se abordan desde un enfoque integral. Por eso, mi trabajo no se centra solo en aliviar el malestar, sino en acompa\u00f1ar a cada persona a comprender lo que le ocurre, reconocer sus propias herramientas internas y fortalecer su equilibrio emocional.<\/p>\n\n\n\n<p>Una de las razones por las que eleg\u00ed especializarme en <strong>psicoterapia pr\u00e1nica<\/strong> es porque ofrece un camino terap\u00e9utico m\u00e1s <strong>r\u00e1pido y profundo<\/strong> que la psicoterapia tradicional en muchos casos. Al trabajar directamente sobre el campo energ\u00e9tico, se act\u00faa en la ra\u00edz de los estados emocionales y mentales, liberando la carga antes de que se convierta en pensamiento repetitivo o s\u00edntoma f\u00edsico. Esto permite que los procesos psicol\u00f3gicos se integren con mayor facilidad: la mente se despeja, las emociones se equilibran y la persona recupera una sensaci\u00f3n de ligereza y presencia.<\/p>\n\n\n\n<p>La psicoterapia pr\u00e1nica es especialmente eficaz en momentos de <strong>estr\u00e9s, ansiedad, duelos, bloqueos emocionales o falta de claridad vital<\/strong>, ya que favorece una reorganizaci\u00f3n profunda del sistema energ\u00e9tico y mental. Cuando la energ\u00eda se equilibra, la mente se calma, el cuerpo responde mejor y la persona puede conectar con su fuerza interior y su capacidad de avanzar.<\/p>\n\n\n\n<p>Creo profundamente que toda persona posee una <strong>inteligencia interior de sanaci\u00f3n<\/strong>, una fuerza vital que, cuando se libera y se orienta adecuadamente, gu\u00eda naturalmente hacia el equilibrio. Mi papel como terapeuta es acompa\u00f1ar ese proceso con respeto, sensibilidad y conocimiento, creando el espacio adecuado para que la energ\u00eda y la mente trabajen juntas en favor del bienestar.<\/p>\n\n\n\n<p>La psicoterapia pr\u00e1nica es, para m\u00ed, una forma de <strong>reconciliar la ciencia y la conciencia<\/strong>, de unir la comprensi\u00f3n psicol\u00f3gica con el lenguaje sutil de la energ\u00eda. A trav\u00e9s de este trabajo, he visto c\u00f3mo las personas pueden transformar el dolor en claridad, el miedo en confianza y la confusi\u00f3n en prop\u00f3sito.<\/p>\n\n\n\n<p style=\"margin-top:16px\">Mi compromiso es acompa\u00f1ar a cada paciente a <strong>reconectarse con su propia fuerza interior<\/strong>, para que el cambio no solo se sienta en la mente, sino tambi\u00e9n en la vida cotidiana \u2014en la manera de pensar, sentir y relacionarse con el mundo.<\/p>\n<\/div>\n<\/div>\n<\/div>","protected":false},"excerpt":{"rendered":"<p>Soy graduada en Neurociencias por la Universidad de Roma, donde descubr\u00ed mi inter\u00e9s por comprender c\u00f3mo las emociones, los pensamientos y el cuerpo se influyen mutuamente. Despu\u00e9s, he enriquecido mi practica cl\u00ednica con la psicolog\u00eda anal\u00edtica, fascinada por la profundidad con la que esta corriente aborda el mundo interior, los s\u00edmbolos y los procesos de [&hellip;]<\/p>\n","protected":false},"author":1,"featured_media":0,"parent":0,"menu_order":0,"comment_status":"closed","ping_status":"closed","template":"page-with-title","meta":{"footnotes":""},"class_list":["post-23","page","type-page","status-publish","hentry"],"_links":{"self":[{"href":"https:\/\/francescadesalvia.com\/en\/wp-json\/wp\/v2\/pages\/23","targetHints":{"allow":["GET"]}}],"collection":[{"href":"https:\/\/francescadesalvia.com\/en\/wp-json\/wp\/v2\/pages"}],"about":[{"href":"https:\/\/francescadesalvia.com\/en\/wp-json\/wp\/v2\/types\/page"}],"author":[{"embeddable":true,"href":"https:\/\/francescadesalvia.com\/en\/wp-json\/wp\/v2\/users\/1"}],"replies":[{"embeddable":true,"href":"https:\/\/francescadesalvia.com\/en\/wp-json\/wp\/v2\/comments?post=23"}],"version-history":[{"count":12,"href":"https:\/\/francescadesalvia.com\/en\/wp-json\/wp\/v2\/pages\/23\/revisions"}],"predecessor-version":[{"id":269,"href":"https:\/\/francescadesalvia.com\/en\/wp-json\/wp\/v2\/pages\/23\/revisions\/269"}],"wp:attachment":[{"href":"https:\/\/francescadesalvia.com\/en\/wp-json\/wp\/v2\/media?parent=23"}],"curies":[{"name":"wp","href":"https:\/\/api.w.org\/{rel}","templated":true}]}}