{"id":29,"date":"2025-11-06T16:25:15","date_gmt":"2025-11-06T16:25:15","guid":{"rendered":"https:\/\/francescadesalvia.com\/inicio\/"},"modified":"2025-11-10T21:27:17","modified_gmt":"2025-11-10T21:27:17","slug":"inicio","status":"publish","type":"page","link":"https:\/\/francescadesalvia.com\/en\/","title":{"rendered":"Inicio"},"content":{"rendered":"<div class=\"wp-block-group alignfull has-background-background-color has-background has-global-padding is-layout-constrained wp-container-core-group-is-layout-098ce7b8 wp-block-group-is-layout-constrained\" style=\"margin-top:0;margin-bottom:0;padding-top:var(--wp--preset--spacing--50);padding-bottom:var(--wp--preset--spacing--60)\">\n<div class=\"wp-block-columns alignwide are-vertically-aligned-center is-layout-flex wp-container-core-columns-is-layout-1d9f35bd wp-block-columns-is-layout-flex\">\n<div class=\"wp-block-column is-vertically-aligned-center is-layout-flow wp-block-column-is-layout-flow\">\n<h1 class=\"wp-block-heading has-text-align-center has-x-large-font-size\">Pranic Psychotherapy<\/h1>\n\n\n\n<p>Pranic Healing in Tenerife \u2013 Emotional Well-Being and Energetic Balance<\/p>\n\n\n\n<p>Pranic Healing is a natural energy therapy that helps restore psychological balance, mental clarity, and inner serenity.\nThrough the harmonization of vital energy, this practice works on stress, anxiety, emotional tension, and mental fatigue, promoting a deep sense of calm and well-being.<br>A trav\u00e9s de la armonizaci\u00f3n de la energ\u00eda vital, esta pr\u00e1ctica trabaja sobre el estr\u00e9s, la ansiedad, las tensiones emocionales y el cansancio mental, favoreciendo una profunda sensaci\u00f3n de calma y bienestar.<\/p>\n\n\n\n<p><\/p>\n\n\n\n<p>Pranic Healing does not replace psychotherapy or traditional medicine; rather, it complements them, offering a space of awareness where well-being arises from the harmony of energy.<\/p>\n\n\n\n<div class=\"wp-block-buttons is-content-justification-left is-layout-flex wp-container-core-buttons-is-layout-ec155617 wp-block-buttons-is-layout-flex\" style=\"margin-top:var(--wp--preset--spacing--40)\">\n<div class=\"wp-block-button\"><a class=\"wp-block-button__link wp-element-button\" href=\"https:\/\/francescadesalvia.com\/en\/contacto\/\">Descubre m\u00e1s<\/a><\/div>\n<\/div>\n<\/div>\n\n\n\n<div class=\"wp-block-column is-vertically-aligned-center is-layout-flow wp-block-column-is-layout-flow\">\n<figure class=\"wp-block-image aligncenter has-custom-border is-style-default\"><img loading=\"lazy\" decoding=\"async\" width=\"960\" height=\"1440\" src=\"https:\/\/francescadesalvia.com\/wp-content\/uploads\/2025\/11\/0e2d49a21d410d6d9b8ba19917c10f2bdcc56e85.jpg\" alt=\"\" class=\"wp-image-63\" style=\"border-top-left-radius:50rem;border-top-right-radius:50rem;aspect-ratio:3\/4;object-fit:cover\" srcset=\"https:\/\/francescadesalvia.com\/wp-content\/uploads\/2025\/11\/0e2d49a21d410d6d9b8ba19917c10f2bdcc56e85.jpg 960w, https:\/\/francescadesalvia.com\/wp-content\/uploads\/2025\/11\/0e2d49a21d410d6d9b8ba19917c10f2bdcc56e85-200x300.jpg 200w, https:\/\/francescadesalvia.com\/wp-content\/uploads\/2025\/11\/0e2d49a21d410d6d9b8ba19917c10f2bdcc56e85-683x1024.jpg 683w, https:\/\/francescadesalvia.com\/wp-content\/uploads\/2025\/11\/0e2d49a21d410d6d9b8ba19917c10f2bdcc56e85-768x1152.jpg 768w\" sizes=\"auto, (max-width: 960px) 100vw, 960px\" \/><\/figure>\n<\/div>\n<\/div>\n<\/div>\n\n\n\n<div class=\"wp-block-group alignfull has-tertiary-background-color has-background has-global-padding is-layout-constrained wp-container-core-group-is-layout-fb85e995 wp-block-group-is-layout-constrained\" id=\"acerca-de\" style=\"margin-top:0;margin-bottom:0;padding-top:var(--wp--preset--spacing--60);padding-right:var(--wp--preset--spacing--30);padding-bottom:var(--wp--preset--spacing--60);padding-left:var(--wp--preset--spacing--30)\">\n<div class=\"wp-block-group has-global-padding is-layout-constrained wp-block-group-is-layout-constrained\">\n<h2 class=\"wp-block-heading has-text-align-center has-large-font-size\">Sanaci\u00f3n energ\u00e9tica para tu equilibrio<\/h2>\n\n\n\n<p class=\"has-text-align-center\" style=\"margin-top:16px\">Cada sesi\u00f3n de Pranic Healing en Tenerife es un espacio de escucha y regeneraci\u00f3n: las energ\u00edas bloqueadas se purifican y recargan, permitiendo que la mente y el cuerpo vuelvan a fluir de manera natural.<br>Es un enfoque suave, no invasivo y complementario, que acompa\u00f1a procesos de crecimiento personal, transformaci\u00f3n emocional y sanaci\u00f3n interior.<\/p>\n\n\n\n<p class=\"has-text-align-center\" style=\"margin-top:16px\">Ideal para quienes desean:<br>\u2013 recuperar la estabilidad y la claridad mental<br>\u2013 liberar emociones y pensamientos repetitivos<br>\u2013 mejorar el sue\u00f1o y la energ\u00eda cotidiana<br>\u2013 sentirse m\u00e1s presentes, equilibrados y en paz consigo mismos<\/p>\n<\/div>\n\n\n\n<div class=\"wp-block-group has-global-padding is-layout-constrained wp-container-core-group-is-layout-d2053b44 wp-block-group-is-layout-constrained\">\n<figure class=\"wp-block-image aligncenter size-large wp-duotone-primary-foreground\"><img decoding=\"async\" src=\"data:image\/svg+xml;base64,PHN2ZyB4bWxucz0iaHR0cDovL3d3dy53My5vcmcvMjAwMC9zdmciIHdpZHRoPSI1NTAiIGhlaWdodD0iMTg0IiBmaWxsPSJub25lIiB2aWV3Qm94PSIwIDAgNTUwIDE4NCI+PHBhdGggZmlsbD0iIzFFMUUxRSIgZD0iTTU0OC40OSAxMzMuNTY2YzEuODU1IDUuNTA0IDEuOTE5IDcuOTItMS42NTcgMTAuMDE4LTE3LjY5IDEwLjM3NS0zNS43MTcgMjAuMjk2LTUyLjYzIDMxLjgzNS0xMC41MDggNy4xNjktMTguMTU1IDYuMjMzLTI4LjMyNC0uNjU5LTE2LjkyNi0xMS40NzItMzUuMDgxLTIxLjEzMy01My44NzMtMzIuMjQtMjIuMjgyIDEzLjIxLTQ1LjEzMyAyNi43Ni02OC4zODkgNDAuNTQ3LTEyLjM4OC03LjIxMy0yNC4yMzgtMTMuOTc2LTM1Ljk0OC0yMC45NzYtOS4zODUtNS42MDgtMTguNjUzLTExLjQxOS0yNy44NTUtMTcuMzIzLTMuMzE1LTIuMTI3LTYuMTIzLTIuMTI5LTkuNDc3LS4wNGE0NDk1LjMzMyA0NDk1LjMzMyAwIDAgMS00OC45MDQgMzAuMDM0Yy00LjM5NSAyLjY1OC05LjA5NSA0LjgwOS0xNC4yNTUgNy41MDgtMjQuMjY3LTEwLjQ1Mi00NS4wODQtMjcuNjg0LTY5LjQyNy0zOS42MjItMTEuNjkzIDYuOTc5LTIzLjM3NyAxMy45NjEtMzUuMDcyIDIwLjkyOC05LjM5NiA1LjU5Ny0xOC44NjIgMTEuMDg1LTI4LjE4MyAxNi44MDYtMy43MyAyLjI4OC03LjA2NiAxLjg4MS0xMC41Ni0uMjU0LTE4Ljk1Ni0xMS41ODUtMzcuOTQ0LTIzLjEyMy01Ni44NzUtMzQuNzUyLTIuNTQ0LTEuNTYyLTQuODI0LTMuNTU4LTcuMDYxLTUuMjI4IDEuNTM1LTUuMjc1IDMuOTM4LTYuMDE1IDcuODQ1LTMuNjIyIDExLjY0OSA3LjE0MiAyMy4zODggMTQuMTM5IDM1LjA3NyAyMS4yMTkgOS4wMzggNS40NzUgMTguMDUyIDEwLjk5MiAyNy4xNzYgMTYuNTUxIDE3Ljk1My0xMS4xMTggMzQuOTczLTIyLjU5NSA1Mi44NzctMzIuNDY4IDE2LjQ5OS05LjA5OSAxMy4yNjEtMTAuNjEzIDMwLjMxNC4wMiAxNy4zOTkgMTAuODUgMzUuMTEgMjEuMjA4IDUzLjU2MiAzMi4zMDkgMjIuMzkyLTEzLjU4MSA0NS4xMDYtMjcuMzU1IDY4LjIwNi00MS4zNjdsNjguNTQzIDQxLjMwMyA2OC42NDItNDEuMzAzIDY3LjYwMiA0MS4wOTJjMjMuMTI0LTExLjgwOSA0NC40MzQtMjcuODczIDY4LjY0Ni00MC4zMTZabS02OC4xMTUtMTcuMTE2Yy01LjQ3My0zLjA5Mi0xMS40NTctNi4yODgtMTcuMjU1LTkuNzg5LTE0LjkxNS05LjAwOS0yOS43MzQtMTguMTczLTQ0LjYxNi0yNy4yMzYtNC4zNzUtMi42NjUtOC4xMzMtMy4wOTItMTMuMTY4LjEyNi0xNy41NiAxMS4yMjMtMzUuNjA4IDIxLjY4MS01My41MTQgMzIuMzYtMi42MzIgMS41NjgtNS40OTIgMi43NTMtOC42NDIgNC4zMTItMTAuMjcxLTUuOTA2LTIwLjY4Ny0xMS43NDgtMzAuOTU3LTE3LjgzOC0xMC44NzItNi40NDktMjEuNjc5LTEzLjAxNi0zMi4zNjMtMTkuNzcyLTMuODA4LTIuNDA4LTYuNjMzLTEuNzE2LTEwLjMwNi41MjEtMTkuNTU4IDExLjkwMS0zOS4zMSAyMy40ODgtNTkuMDA0IDM1LjE2MS0xLjE1OS42ODYtMi40MzIgMS4xNzctNC4xMzYgMS45OS0xMS43Mi02Ljc4NC0yMy41NjktMTMuNTYyLTM1LjMzNS0yMC40ODItOC44MjktNS4xOTUtMTcuNjU1LTEwLjQxMi0yNi4yODQtMTUuOTI5LTQuOTI2LTMuMTUtOS4xNi0zLjEtMTQuMTcyLjAzNy0xOC4yNDEgMTEuNDI0LTM2LjY3IDIyLjU0Ny01NS4wNzggMzMuNzAxLTEuOTk1IDEuMjEtNC4zMTggMS44OC02LjU2OSAyLjgzNkM0Ny45NCAxMDMuODYgMjcuMTMgOTEuNDQxIDYuMzc0IDc4LjkyOGMtMi4wMTQtMS4yMTUtNC4xMTItMi43NDUtNS4zMy00LjY2Mi0uODE3LTEuMjg4LS4xNTYtMy41MTctLjE1Ni03LjAxNSAyNS4yNjggMTEuNzExIDQ1Ljc4NiAyOC41MzQgNjkuNDUxIDQwLjQ5Mmw2OC4xNzQtNDEuNDI0IDY4LjUzNSA0MS42ODUgNjguMTM4LTQxLjgxMSA2OC40MDEgNDEuODA5IDY4LjQ1Mi00MS43OCA2Ny43OTUgNDEuNTM5YzIyLjkxLTEyIDQ0LjYwNS0yNy4zNjYgNjguMDQ2LTQwLjM1IDEuODgxIDYuODg4IDEuNDQyIDguMTc0LTMuMjE5IDExLjEzOC01LjQ3NyAzLjQ4My0xMC45MyA3LjAwOC0xNi41MyAxMC4yNzktMTUuNjI0IDkuMTI0LTMxLjMxNyAxOC4xMjUtNDcuNzU2IDI3LjYyMlpNMjA2LjgzOCA0MS41MTEgMjc1LjEwNy4wMDZjMjIuNzU3IDEzLjg2OSA0NS40NTggMjcuNzA0IDY4LjQ1MyA0MS43Mkw0MTEuODQyIDBsNjguNDQ5IDQxLjQxM2MxMS41ODktNi44NzMgMjIuOTA0LTEzLjgyIDM0LjQ0NS0yMC4zNiAxMS4xMjMtNi4zMDUgMjAuOTY3LTE1LjAyNSAzMy41NzctMTkuMjE1IDMuMzQxIDYuMTk5LS42NzggOC41NDctMy45MzggMTAuNjU0LTYuMDIxIDMuODkyLTEyLjM0MiA3LjMyLTE4LjUyNyAxMC45NTYtMTMuMjY2IDcuODAzLTI2LjUxNiAxNS42MzUtMzkuODAxIDIzLjQwNC0yLjA0MyAxLjE5Ni00LjIzNCAyLjEzOS02LjE3NiAzLjEwNy0yMC45My0xMi40OTktNDEuNDU4LTI0Ljc2OC02MS45OTctMzcuMDE2LTQuMTMyLTIuNDYzLTcuNjQ5LTIuNTkxLTEyLjI4Mi4yNjctMjAuMzYyIDEyLjU2Ni00MS4xMDYgMjQuNTE3LTYyLjE3NSAzNi45NjMtMjAuMTMzLTEyLjExNy00MC4zMzQtMjQuMjItNjAuNDY1LTM2LjQzMS01LjE0MS0zLjExOC05LjE5OS0zLjQzOC0xNC45NDYuMjE3LTE4Ljc0MSAxMS45MjMtMzguMTI5IDIyLjgzNC01Ny4yODMgMzQuMTA5LTEuMTY0LjY4NS0yLjQ1NiAxLjE1My0zLjk2OSAxLjg1LTEwLjMwMi01Ljg4NS0yMC43NDItMTEuNjkyLTMxLjAyMi0xNy43NjgtMTAuODg0LTYuNDM0LTIxLjcyNy0xMi45NS0zMi4zNTctMTkuNzkyLTQuMzU0LTIuODAzLTcuODk5LTEuMjg4LTExLjQ4Mi43OTEtNi4yMDYgMy42MDQtMTIuMjA0IDcuNTYyLTE4LjM3NCAxMS4yMy0xNC4xMTUgOC4zODgtMjguMjggMTYuNjg4LTQzLjEyMSAyNS40MzYtMi43NDktMS4zMjItNi4yNC0yLjY5Ni05LjQzLTQuNTgxQzQzLjAxNCAzNC42MDUgMjUuMDk5IDIzLjkxIDcuMjYgMTMuMDg3IDQuNzEgMTEuNTQgMi40NzggOS4zMzQuNDc5IDcuMDk0Yy0uNTE3LS41ODEuMTI2LTIuNjA4Ljc2LTMuNjUzLjM3Ni0uNjIzIDEuOTYtMS4xMDcgMi42NzktLjgyNiAzLjE3OCAxLjI0MyA2LjQyMSAyLjQ4OSA5LjMxMiA0LjI2NyAxNS40MzkgOS40ODkgMzAuNzY1IDE5LjE2NSA0Ni4xNjQgMjguNzE2IDMuMTk3IDEuOTgzIDYuNTQ3IDMuNzE5IDEwLjI3NiA1LjgyNCAxMC4yMjItNi4xMDkgMjAuNTA4LTEyLjE5OCAzMC43MzYtMTguMzgzIDEwLjUyOS02LjM2NyAyMS4xMDktMTIuNjU4IDMxLjQ1Mi0xOS4zMTcgNC45OTktMy4yMTggOC45MjYtMi42OTEgMTMuODg1LjQ2OCAxOS4wMjMgMTIuMTIyIDM4LjM0OSAyMy43NyA1Ny41NzYgMzUuNTcgMS4xMzguNjk5IDIuMzk3IDEuMTk4IDMuNTE5IDEuNzUxWiIvPjwvc3ZnPg==\" alt=\"\"\/><\/figure>\n<\/div>\n<\/div>\n\n\n\n<div class=\"wp-block-group alignfull has-background-background-color has-background has-global-padding is-layout-constrained wp-container-core-group-is-layout-7276a2bb wp-block-group-is-layout-constrained\" id=\"servicios\" style=\"margin-top:0;margin-bottom:0;padding-top:var(--wp--preset--spacing--60);padding-right:var(--wp--preset--spacing--30);padding-bottom:var(--wp--preset--spacing--60);padding-left:var(--wp--preset--spacing--30)\">\n<div class=\"wp-block-group alignwide has-global-padding is-content-justification-center is-layout-constrained wp-block-group-is-layout-constrained\">\n<h3 class=\"wp-block-heading has-text-align-center\" style=\"margin-top:12px\">\u00bfPor qu\u00e9 la psicoterapia pr\u00e1nica puede ser m\u00e1s r\u00e1pida que una psicoterapia tradicional?<\/h3>\n\n\n\n<p class=\"has-text-align-center\" style=\"margin-top:16px\">La <strong>psicoterapia pr\u00e1nica<\/strong> act\u00faa directamente sobre el campo energ\u00e9tico y emocional, donde muchas veces se originan los bloqueos mentales y los patrones de sufrimiento.<br>Mientras que la psicoterapia tradicional trabaja principalmente a trav\u00e9s de la palabra y el razonamiento consciente, el Pranic Healing interviene tambi\u00e9n en los niveles m\u00e1s sutiles, donde las emociones se almacenan antes de convertirse en pensamientos repetitivos o s\u00edntomas f\u00edsicos.<\/p>\n\n\n\n<p>Al limpiar y equilibrar estas energ\u00edas congestionadas, la persona puede liberar r\u00e1pidamente emociones reprimidas, miedos o tensiones que llevaban a\u00f1os afectando su estado psicol\u00f3gico.<br>Esto no reemplaza el trabajo profundo de la psicoterapia, pero <strong>acelera el proceso<\/strong>, porque la mente se vuelve m\u00e1s receptiva, clara y ligera.<br>Los cambios que normalmente requerir\u00edan semanas de elaboraci\u00f3n mental pueden integrarse de forma m\u00e1s natural y sin tanto esfuerzo.<\/p>\n\n\n\n<p class=\"has-text-align-center\" style=\"margin-top:16px\">En pocas sesiones, muchas personas sienten una <strong>reducci\u00f3n del estr\u00e9s y de los pensamientos obsesivos<\/strong>, una <strong>mayor claridad emocional<\/strong> y una <strong>sensaci\u00f3n de bienestar integral<\/strong>.<\/p>\n<\/div>\n<\/div>","protected":false},"excerpt":{"rendered":"<p>Psicoterapia Pranica Pranic Healing en Tenerife \u2013 Bienestar emocional y equilibrio energ\u00e9tico El Pranic Healing es una terapia energ\u00e9tica natural que ayuda a recuperar el equilibrio psicol\u00f3gico, la claridad mental y la serenidad interior.A trav\u00e9s de la armonizaci\u00f3n de la energ\u00eda vital, esta pr\u00e1ctica trabaja sobre el estr\u00e9s, la ansiedad, las tensiones emocionales y el [&hellip;]<\/p>\n","protected":false},"author":1,"featured_media":0,"parent":0,"menu_order":0,"comment_status":"closed","ping_status":"closed","template":"no-title","meta":{"footnotes":""},"class_list":["post-29","page","type-page","status-publish","hentry"],"_links":{"self":[{"href":"https:\/\/francescadesalvia.com\/en\/wp-json\/wp\/v2\/pages\/29","targetHints":{"allow":["GET"]}}],"collection":[{"href":"https:\/\/francescadesalvia.com\/en\/wp-json\/wp\/v2\/pages"}],"about":[{"href":"https:\/\/francescadesalvia.com\/en\/wp-json\/wp\/v2\/types\/page"}],"author":[{"embeddable":true,"href":"https:\/\/francescadesalvia.com\/en\/wp-json\/wp\/v2\/users\/1"}],"replies":[{"embeddable":true,"href":"https:\/\/francescadesalvia.com\/en\/wp-json\/wp\/v2\/comments?post=29"}],"version-history":[{"count":50,"href":"https:\/\/francescadesalvia.com\/en\/wp-json\/wp\/v2\/pages\/29\/revisions"}],"predecessor-version":[{"id":272,"href":"https:\/\/francescadesalvia.com\/en\/wp-json\/wp\/v2\/pages\/29\/revisions\/272"}],"wp:attachment":[{"href":"https:\/\/francescadesalvia.com\/en\/wp-json\/wp\/v2\/media?parent=29"}],"curies":[{"name":"wp","href":"https:\/\/api.w.org\/{rel}","templated":true}]}}