{"id":24,"date":"2025-11-06T16:25:11","date_gmt":"2025-11-06T16:25:11","guid":{"rendered":"https:\/\/francescadesalvia.com\/reserva\/"},"modified":"2025-11-10T21:09:58","modified_gmt":"2025-11-10T21:09:58","slug":"reserva","status":"publish","type":"page","link":"https:\/\/francescadesalvia.com\/it\/reserva\/","title":{"rendered":"Historia del Pranic Healing"},"content":{"rendered":"<figure class=\"wp-block-image size-full is-resized\"><img loading=\"lazy\" decoding=\"async\" width=\"200\" height=\"253\" src=\"https:\/\/francescadesalvia.com\/wp-content\/uploads\/2025\/11\/Master-1.jpeg\" alt=\"\" class=\"wp-image-263\" style=\"width:282px;height:auto\"\/><figcaption class=\"wp-element-caption\">Gran Master Choa Kok Sui<\/figcaption><\/figure>\n\n\n\n<div class=\"wp-block-group is-nowrap is-layout-flex wp-container-core-group-is-layout-6c531013 wp-block-group-is-layout-flex\">\n<p class=\"has-text-align-center\">El <strong>Pranic Healing<\/strong> es un sistema avanzado y moderno de sanaci\u00f3n energ\u00e9tica que fue desarrollado por el reconocido <strong>Master Choa Kok Sui<\/strong> en Filipinas durante la d\u00e9cada de 1980. Este m\u00e9todo se fundamenta en antiguos principios de medicina energ\u00e9tica que provienen de diversas tradiciones ancestrales alrededor del mundo. Master Choa llev\u00f3 a cabo un proceso de sistematizaci\u00f3n y organizaci\u00f3n de estas t\u00e9cnicas tradicionales, creando un enfoque estructurado para limpiar, equilibrar y fortalecer el campo energ\u00e9tico de una persona. Este sistema facilita de manera efectiva la sanaci\u00f3n no solo a nivel f\u00edsico, sino tambi\u00e9n en los aspectos emocionales y mentales, promoviendo un bienestar integral.<\/p>\n<\/div>\n\n\n\n<p><\/p>","protected":false},"excerpt":{"rendered":"<p>El Pranic Healing es un sistema avanzado y moderno de sanaci\u00f3n energ\u00e9tica que fue desarrollado por el reconocido Master Choa Kok Sui en Filipinas durante la d\u00e9cada de 1980. Este m\u00e9todo se fundamenta en antiguos principios de medicina energ\u00e9tica que provienen de diversas tradiciones ancestrales alrededor del mundo. Master Choa llev\u00f3 a cabo un proceso [&hellip;]<\/p>\n","protected":false},"author":1,"featured_media":0,"parent":0,"menu_order":0,"comment_status":"closed","ping_status":"closed","template":"page-with-title","meta":{"footnotes":""},"class_list":["post-24","page","type-page","status-publish","hentry"],"_links":{"self":[{"href":"https:\/\/francescadesalvia.com\/it\/wp-json\/wp\/v2\/pages\/24","targetHints":{"allow":["GET"]}}],"collection":[{"href":"https:\/\/francescadesalvia.com\/it\/wp-json\/wp\/v2\/pages"}],"about":[{"href":"https:\/\/francescadesalvia.com\/it\/wp-json\/wp\/v2\/types\/page"}],"author":[{"embeddable":true,"href":"https:\/\/francescadesalvia.com\/it\/wp-json\/wp\/v2\/users\/1"}],"replies":[{"embeddable":true,"href":"https:\/\/francescadesalvia.com\/it\/wp-json\/wp\/v2\/comments?post=24"}],"version-history":[{"count":17,"href":"https:\/\/francescadesalvia.com\/it\/wp-json\/wp\/v2\/pages\/24\/revisions"}],"predecessor-version":[{"id":268,"href":"https:\/\/francescadesalvia.com\/it\/wp-json\/wp\/v2\/pages\/24\/revisions\/268"}],"wp:attachment":[{"href":"https:\/\/francescadesalvia.com\/it\/wp-json\/wp\/v2\/media?parent=24"}],"curies":[{"name":"wp","href":"https:\/\/api.w.org\/{rel}","templated":true}]}}