{"id":26,"date":"2025-11-06T16:25:13","date_gmt":"2025-11-06T16:25:13","guid":{"rendered":"https:\/\/francescadesalvia.com\/testimonios\/"},"modified":"2025-11-10T20:52:43","modified_gmt":"2025-11-10T20:52:43","slug":"testimonios","status":"publish","type":"page","link":"https:\/\/francescadesalvia.com\/it\/testimonios\/","title":{"rendered":"Testimonios"},"content":{"rendered":"<div class=\"wp-block-group alignfull has-background-background-color has-background has-global-padding is-layout-constrained wp-container-core-group-is-layout-7276a2bb wp-block-group-is-layout-constrained\" id=\"testimonios\" style=\"margin-top:0;margin-bottom:0;padding-top:var(--wp--preset--spacing--60);padding-right:var(--wp--preset--spacing--30);padding-bottom:var(--wp--preset--spacing--60);padding-left:var(--wp--preset--spacing--30)\">\n<div class=\"wp-block-group alignwide has-global-padding is-content-justification-center is-layout-constrained wp-block-group-is-layout-constrained\">\n<h3 class=\"wp-block-heading has-text-align-center\" style=\"margin-top:12px\">Sanaci\u00f3n integral para armonizar cuerpo y mente<\/h3>\n\n\n\n<p class=\"has-text-align-center\" style=\"margin-top:16px\">Descubre c\u00f3mo quienes han confiado en m\u00ed han transformado su bienestar a trav\u00e9s de la Psicoterapia Pr\u00e1nica<\/p>\n<\/div>\n\n\n\n<div class=\"wp-block-columns alignwide is-layout-flex wp-container-core-columns-is-layout-28f84493 wp-block-columns-is-layout-flex\">\n<div class=\"wp-block-column is-vertically-aligned-stretch is-layout-flow wp-container-core-column-is-layout-8a368f38 wp-block-column-is-layout-flow\">\n<div class=\"wp-block-group has-tertiary-background-color has-background has-global-padding is-layout-constrained wp-container-core-group-is-layout-f4cdaae3 wp-block-group-is-layout-constrained\" style=\"border-radius:20rem;min-height:100%;padding-top:var(--wp--preset--spacing--70);padding-right:var(--wp--preset--spacing--40);padding-bottom:var(--wp--preset--spacing--70);padding-left:var(--wp--preset--spacing--40)\">\n<div class=\"wp-block-group is-vertical is-content-justification-center is-layout-flex wp-container-core-group-is-layout-a45d2cb9 wp-block-group-is-layout-flex\">\n<p class=\"has-text-align-center has-small-font-size\">\u201cDespu\u00e9s de pocas sesiones sent\u00ed una ligereza mental incre\u00edble. Ansiedades que llevaba a\u00f1os arrastrando simplemente se disolvieron. Es como si por fin mi mente y mi cuerpo hablaran el mismo idioma.\u201d<br>\u2014 <em>Laura G.<\/em><\/p>\n<\/div>\n<\/div>\n<\/div>\n\n\n\n<div class=\"wp-block-column is-vertically-aligned-stretch is-layout-flow wp-block-column-is-layout-flow\">\n<div class=\"wp-block-group has-tertiary-background-color has-background has-global-padding is-layout-constrained wp-container-core-group-is-layout-f4cdaae3 wp-block-group-is-layout-constrained\" style=\"border-radius:20rem;min-height:100%;padding-top:var(--wp--preset--spacing--70);padding-right:var(--wp--preset--spacing--40);padding-bottom:var(--wp--preset--spacing--70);padding-left:var(--wp--preset--spacing--40)\">\n<p class=\"has-text-align-center has-small-font-size\">\u201cLa psicoterapia pr\u00e1nica me ayud\u00f3 a soltar emociones que ni siquiera sab\u00eda que cargaba. Dorm\u00ed mejor, y mi manera de relacionarme con los dem\u00e1s cambi\u00f3. Me siento m\u00e1s centrada y tranquila.\u201d<br>\u2014 <em>Marina P.<\/em><\/p>\n<\/div>\n<\/div>\n\n\n\n<div class=\"wp-block-column is-vertically-aligned-stretch is-layout-flow wp-block-column-is-layout-flow\">\n<div class=\"wp-block-group has-tertiary-background-color has-background has-global-padding is-layout-constrained wp-container-core-group-is-layout-f4cdaae3 wp-block-group-is-layout-constrained\" style=\"border-radius:20rem;min-height:100%;padding-top:var(--wp--preset--spacing--70);padding-right:var(--wp--preset--spacing--40);padding-bottom:var(--wp--preset--spacing--70);padding-left:var(--wp--preset--spacing--40)\">\n<p class=\"has-text-align-center has-small-font-size\">\u201cHab\u00eda probado varios enfoques, pero con el Pranic Healing not\u00e9 cambios reales en pocas sesiones. Mis pensamientos dejaron de repetirse, y apareci\u00f3 una calma que hac\u00eda mucho no sent\u00eda.\u201d<br>\u2014 <em>Javier R.<\/em><\/p>\n<\/div>\n<\/div>\n<\/div>\n<\/div>\n\n\n\n<div class=\"wp-block-group alignfull has-tertiary-background-color has-background has-global-padding is-layout-constrained wp-container-core-group-is-layout-7276a2bb wp-block-group-is-layout-constrained\" style=\"margin-top:0;margin-bottom:0;padding-top:var(--wp--preset--spacing--60);padding-right:var(--wp--preset--spacing--30);padding-bottom:var(--wp--preset--spacing--60);padding-left:var(--wp--preset--spacing--30)\">\n<div class=\"wp-block-columns alignwide is-layout-flex wp-container-core-columns-is-layout-28f84493 wp-block-columns-is-layout-flex\">\n<div class=\"wp-block-column is-layout-flow wp-block-column-is-layout-flow\">\n<div class=\"wp-block-group alignwide has-global-padding is-content-justification-center is-layout-constrained wp-block-group-is-layout-constrained\">\n<h2 class=\"wp-block-heading has-large-font-size\">Testimonios aut\u00e9nticos que reflejan bienestar y transformaci\u00f3n.<\/h2>\n\n\n\n<p style=\"margin-top:16px\">Descubre c\u00f3mo cada sesi\u00f3n personalizada gu\u00eda tu bienestar integral, armonizando cuerpo, mente y energ\u00eda.<\/p>\n<\/div>\n<\/div>\n\n\n\n<div class=\"wp-block-column is-layout-flow wp-block-column-is-layout-flow\">\n<div class=\"wp-block-group has-background-background-color has-background is-nowrap is-layout-flex wp-container-core-group-is-layout-4eca47eb wp-block-group-is-layout-flex\" style=\"border-top-left-radius:1rem;border-top-right-radius:10rem;border-bottom-left-radius:1rem;border-bottom-right-radius:10rem;padding-top:1.75rem;padding-right:3rem;padding-bottom:1.75rem;padding-left:1.75rem\">\n<div class=\"wp-block-group has-global-padding is-layout-constrained wp-block-group-is-layout-constrained\">\n<h3 class=\"wp-block-heading\" style=\"font-size:clamp(1.119rem, 1.119rem + ((1vw - 0.2rem) * 1.052), 1.75rem);line-height:1.5\">\u201cMi ansiedad baj\u00f3 much\u00edsimo. Antes me costaba dormir y ahora tengo una paz interior que hac\u00eda a\u00f1os no sent\u00eda. Es como haber soltado un peso invisible.\u201d<br>\u2014 <em>Silvia R.<\/em><\/h3>\n\n\n\n<p class=\"has-small-font-size\" style=\"margin-top:8px\">\u201cSent\u00ed que algo dentro de m\u00ed se ordenaba. Las sesiones me ayudaron a entender lo que estaba sintiendo sin tener que hablar tanto. Fue liberador.\u201d<br>\u2014 <em>Patricia D.<\/em>.<\/p>\n<\/div>\n<\/div>\n\n\n\n<div class=\"wp-block-group has-background-background-color has-background has-global-padding is-layout-constrained wp-container-core-group-is-layout-e9f05e75 wp-block-group-is-layout-constrained\" style=\"border-top-left-radius:1rem;border-top-right-radius:10rem;border-bottom-left-radius:1rem;border-bottom-right-radius:10rem;padding-top:1.75rem;padding-right:3rem;padding-bottom:1.75rem;padding-left:1.75rem\">\n<h3 class=\"wp-block-heading\" style=\"font-size:clamp(1.119rem, 1.119rem + ((1vw - 0.2rem) * 1.052), 1.75rem);line-height:1.5\">Sanando desde la ra\u00edz <\/h3>\n\n\n\n<p class=\"has-small-font-size\" style=\"margin-top:8px\">\u201cLlegu\u00e9 con un bloqueo emocional muy fuerte. Despu\u00e9s de varias sesiones sent\u00ed que pod\u00eda respirar de nuevo. Todo se volvi\u00f3 m\u00e1s claro, m\u00e1s liviano.\u201d<br>\u2014 <em>Marta L.<\/em><\/p>\n<\/div>\n<\/div>\n<\/div>\n<\/div>","protected":false},"excerpt":{"rendered":"<p>Sanaci\u00f3n integral para armonizar cuerpo y mente Descubre c\u00f3mo quienes han confiado en m\u00ed han transformado su bienestar a trav\u00e9s de la Psicoterapia Pr\u00e1nica \u201cDespu\u00e9s de pocas sesiones sent\u00ed una ligereza mental incre\u00edble. Ansiedades que llevaba a\u00f1os arrastrando simplemente se disolvieron. Es como si por fin mi mente y mi cuerpo hablaran el mismo idioma.\u201d\u2014 [&hellip;]<\/p>\n","protected":false},"author":1,"featured_media":0,"parent":0,"menu_order":0,"comment_status":"closed","ping_status":"closed","template":"page-with-title","meta":{"footnotes":""},"class_list":["post-26","page","type-page","status-publish","hentry"],"_links":{"self":[{"href":"https:\/\/francescadesalvia.com\/it\/wp-json\/wp\/v2\/pages\/26","targetHints":{"allow":["GET"]}}],"collection":[{"href":"https:\/\/francescadesalvia.com\/it\/wp-json\/wp\/v2\/pages"}],"about":[{"href":"https:\/\/francescadesalvia.com\/it\/wp-json\/wp\/v2\/types\/page"}],"author":[{"embeddable":true,"href":"https:\/\/francescadesalvia.com\/it\/wp-json\/wp\/v2\/users\/1"}],"replies":[{"embeddable":true,"href":"https:\/\/francescadesalvia.com\/it\/wp-json\/wp\/v2\/comments?post=26"}],"version-history":[{"count":32,"href":"https:\/\/francescadesalvia.com\/it\/wp-json\/wp\/v2\/pages\/26\/revisions"}],"predecessor-version":[{"id":249,"href":"https:\/\/francescadesalvia.com\/it\/wp-json\/wp\/v2\/pages\/26\/revisions\/249"}],"wp:attachment":[{"href":"https:\/\/francescadesalvia.com\/it\/wp-json\/wp\/v2\/media?parent=26"}],"curies":[{"name":"wp","href":"https:\/\/api.w.org\/{rel}","templated":true}]}}