{"id":28,"date":"2025-11-06T16:25:14","date_gmt":"2025-11-06T16:25:14","guid":{"rendered":"https:\/\/francescadesalvia.com\/servicios\/"},"modified":"2025-11-10T20:03:19","modified_gmt":"2025-11-10T20:03:19","slug":"servicios","status":"publish","type":"page","link":"https:\/\/francescadesalvia.com\/it\/servicios\/","title":{"rendered":"La Psicoterapia Pranica"},"content":{"rendered":"<div class=\"wp-block-group alignfull has-background-background-color has-background has-global-padding is-layout-constrained wp-container-core-group-is-layout-12c5e928 wp-block-group-is-layout-constrained\" style=\"margin-top:0;margin-bottom:0;padding-top:var(--wp--preset--spacing--60);padding-right:var(--wp--preset--spacing--30);padding-bottom:var(--wp--preset--spacing--60);padding-left:var(--wp--preset--spacing--30)\">\n<div class=\"wp-block-columns alignwide is-layout-flex wp-container-core-columns-is-layout-08c01c1c wp-block-columns-is-layout-flex\">\n<div class=\"wp-block-column is-layout-flow wp-block-column-is-layout-flow\">\n<div class=\"wp-block-group alignwide has-global-padding is-content-justification-center is-layout-constrained wp-block-group-is-layout-constrained\">\n<h2 class=\"wp-block-heading has-large-font-size\">Mas efectiva que la psicoterapia cl\u00e1sica<\/h2>\n\n\n\n<p style=\"margin-top:16px\">La <strong>psicoterapia pr\u00e1nica<\/strong> es un enfoque terap\u00e9utico que integra los principios de la psicolog\u00eda con las t\u00e9cnicas del <em>Pranic Healing<\/em>, orientado a restablecer el equilibrio emocional y mental a trav\u00e9s del trabajo energ\u00e9tico. Se basa en la comprensi\u00f3n de que los pensamientos y las emociones tienen una manifestaci\u00f3n bioenerg\u00e9tica concreta, y que las alteraciones en este campo pueden influir en el bienestar psicol\u00f3gico.<\/p>\n\n\n\n<p>Durante la sesi\u00f3n, se aplican t\u00e9cnicas espec\u00edficas de limpieza y armonizaci\u00f3n energ\u00e9tica que ayudan a disolver patrones emocionales densos \u2014como ansiedad, tristeza, culpa o bloqueo interno\u2014 sin necesidad de revivir experiencias dolorosas. Este proceso facilita una <strong>regulaci\u00f3n emocional profunda<\/strong>, mejora la claridad mental y apoya el proceso psicoterap\u00e9utico convencional, acelerando la integraci\u00f3n de los cambios.<\/p>\n\n\n\n<p>La psicoterapia pr\u00e1nica es especialmente \u00fatil en casos de estr\u00e9s, conflictos emocionales, duelos, o en momentos de transformaci\u00f3n personal, donde el acompa\u00f1amiento energ\u00e9tico permite una recuperaci\u00f3n m\u00e1s r\u00e1pida y estable.<\/p>\n\n\n\n<p style=\"margin-top:16px\">No sustituye la psicoterapia tradicional, sino que la <strong>complementa<\/strong>, ofreciendo una visi\u00f3n m\u00e1s amplia del ser humano, en la que mente, emoci\u00f3n y energ\u00eda trabajan de forma coherente hacia la salud y la plenitud.<\/p>\n\n\n\n<div class=\"wp-block-buttons is-layout-flex wp-block-buttons-is-layout-flex\" style=\"margin-top:var(--wp--preset--spacing--30)\">\n<div class=\"wp-block-button is-style-fill\"><a class=\"wp-block-button__link wp-element-button\" href=\"https:\/\/francescadesalvia.com\/it\/contacto\/\">Conocer m\u00e1s<\/a><\/div>\n<\/div>\n<\/div>\n<\/div>\n\n\n\n<div class=\"wp-block-column is-layout-flow wp-block-column-is-layout-flow\">\n<div class=\"wp-block-group is-nowrap is-layout-flex wp-container-core-group-is-layout-501511a6 wp-block-group-is-layout-flex\">\n<figure class=\"wp-block-image size-large ext-aspect-landscape wp-duotone-primary-foreground\"><img decoding=\"async\" src=\"data:image\/svg+xml;base64,PHN2ZyB4bWxucz0iaHR0cDovL3d3dy53My5vcmcvMjAwMC9zdmciIHdpZHRoPSI0OCIgaGVpZ2h0PSI0OCIgZmlsbD0ibm9uZSIgdmlld0JveD0iMCAwIDQ4IDQ4Ij48bWFzayBpZD0iYSIgd2lkdGg9IjQ4IiBoZWlnaHQ9IjQ4IiB4PSIwIiB5PSIwIiBtYXNrVW5pdHM9InVzZXJTcGFjZU9uVXNlIiBzdHlsZT0ibWFzay10eXBlOmFscGhhIj48cGF0aCBmaWxsPSIjRDlEOUQ5IiBkPSJNMCAwaDQ4djQ4SDB6Ii8+PC9tYXNrPjxnIG1hc2s9InVybCgjYSkiPjxwYXRoIGZpbGw9IiMxQzFCMUYiIGQ9Ik0yNCA0NGMtMi44MzMgMC01LjQ2Ny0uNTA4LTcuOS0xLjUyNS0yLjQzMy0xLjAxNy00LjU1LTIuNDI1LTYuMzUtNC4yMjUtMS44LTEuOC0zLjIwOC0zLjkxNy00LjIyNS02LjM1QzQuNTA4IDI5LjQ2NyA0IDI2LjgzMyA0IDI0YzAtMi44LjUwOC01LjQxNyAxLjUyNS03Ljg1UzcuOTUgMTEuNiA5Ljc1IDkuOGMxLjgtMS44IDMuOTE3LTMuMjE3IDYuMzUtNC4yNVMyMS4xNjcgNCAyNCA0YzIuNSAwIDQuODMzLjQgNyAxLjIgMi4xNjcuOCA0LjExNyAxLjkgNS44NSAzLjNsLTIuMTUgMi4xNWExNi43MzIgMTYuNzMyIDAgMCAwLTQuOS0yLjdDMjggNy4zMTcgMjYuMDY3IDcgMjQgN2MtNC44MzMgMC04Ljg3NSAxLjYyNS0xMi4xMjUgNC44NzVTNyAxOS4xNjcgNyAyNHMxLjYyNSA4Ljg3NSA0Ljg3NSAxMi4xMjVTMTkuMTY3IDQxIDI0IDQxczguODc1LTEuNjI1IDEyLjEyNS00Ljg3NVM0MSAyOC44MzMgNDEgMjRjMC0xLS4wNzUtMS45NzUtLjIyNS0yLjkyNS0uMTUtLjk1LS4zNzUtMS44NzUtLjY3NS0yLjc3NWwyLjMtMi4zYTE5LjEyMiAxOS4xMjIgMCAwIDEgMS4yIDMuODVjLjI2NyAxLjMzMy40IDIuNzE3LjQgNC4xNSAwIDIuODMzLS41MTcgNS40NjctMS41NSA3LjktMS4wMzMgMi40MzMtMi40NSA0LjU1LTQuMjUgNi4zNS0xLjggMS44LTMuOTE3IDMuMjA4LTYuMzUgNC4yMjVDMjkuNDE3IDQzLjQ5MiAyNi44IDQ0IDI0IDQ0Wm0tMi45NS0xMC45LTguMjUtOC4zIDIuMjUtMi4yNSA2IDYgMjAuNy0yMC43IDIuMyAyLjI1LTIzIDIzWiIvPjwvZz48L3N2Zz4=\" alt=\"\" style=\"object-fit:cover\"\/><\/figure>\n\n\n\n<div class=\"wp-block-group wp-container-content-958eb9dc has-global-padding is-layout-constrained wp-block-group-is-layout-constrained\">\n<h3 class=\"wp-block-heading\" style=\"font-size:clamp(14px, 0.875rem + ((1vw - 3.2px) * 0.625), 20px);line-height:1.5\">Equilibrio Energ\u00e9tico Profundo<\/h3>\n\n\n\n<p class=\"has-small-font-size\" style=\"margin-top:4px\">Utilizando t\u00e9cnicas avanzadas, se restablece el flujo natural de energ\u00eda para aliviar tensiones f\u00edsicas y emocionales desde la ra\u00edz.<\/p>\n<\/div>\n<\/div>\n\n\n\n<div class=\"wp-block-group is-nowrap is-layout-flex wp-container-core-group-is-layout-501511a6 wp-block-group-is-layout-flex\">\n<figure class=\"wp-block-image size-large ext-aspect-landscape wp-duotone-primary-foreground\"><img decoding=\"async\" src=\"data:image\/svg+xml;base64,PHN2ZyB4bWxucz0iaHR0cDovL3d3dy53My5vcmcvMjAwMC9zdmciIHdpZHRoPSI0OCIgaGVpZ2h0PSI0OCIgZmlsbD0ibm9uZSIgdmlld0JveD0iMCAwIDQ4IDQ4Ij48bWFzayBpZD0iYSIgd2lkdGg9IjQ4IiBoZWlnaHQ9IjQ4IiB4PSIwIiB5PSIwIiBtYXNrVW5pdHM9InVzZXJTcGFjZU9uVXNlIiBzdHlsZT0ibWFzay10eXBlOmFscGhhIj48cGF0aCBmaWxsPSIjRDlEOUQ5IiBkPSJNMCAwaDQ4djQ4SDB6Ii8+PC9tYXNrPjxnIG1hc2s9InVybCgjYSkiPjxwYXRoIGZpbGw9IiMxQzFCMUYiIGQ9Ik0yNCA0NGMtMi44MzMgMC01LjQ2Ny0uNTA4LTcuOS0xLjUyNS0yLjQzMy0xLjAxNy00LjU1LTIuNDI1LTYuMzUtNC4yMjUtMS44LTEuOC0zLjIwOC0zLjkxNy00LjIyNS02LjM1QzQuNTA4IDI5LjQ2NyA0IDI2LjgzMyA0IDI0YzAtMi44LjUwOC01LjQxNyAxLjUyNS03Ljg1UzcuOTUgMTEuNiA5Ljc1IDkuOGMxLjgtMS44IDMuOTE3LTMuMjE3IDYuMzUtNC4yNVMyMS4xNjcgNCAyNCA0YzIuNSAwIDQuODMzLjQgNyAxLjIgMi4xNjcuOCA0LjExNyAxLjkgNS44NSAzLjNsLTIuMTUgMi4xNWExNi43MzIgMTYuNzMyIDAgMCAwLTQuOS0yLjdDMjggNy4zMTcgMjYuMDY3IDcgMjQgN2MtNC44MzMgMC04Ljg3NSAxLjYyNS0xMi4xMjUgNC44NzVTNyAxOS4xNjcgNyAyNHMxLjYyNSA4Ljg3NSA0Ljg3NSAxMi4xMjVTMTkuMTY3IDQxIDI0IDQxczguODc1LTEuNjI1IDEyLjEyNS00Ljg3NVM0MSAyOC44MzMgNDEgMjRjMC0xLS4wNzUtMS45NzUtLjIyNS0yLjkyNS0uMTUtLjk1LS4zNzUtMS44NzUtLjY3NS0yLjc3NWwyLjMtMi4zYTE5LjEyMiAxOS4xMjIgMCAwIDEgMS4yIDMuODVjLjI2NyAxLjMzMy40IDIuNzE3LjQgNC4xNSAwIDIuODMzLS41MTcgNS40NjctMS41NSA3LjktMS4wMzMgMi40MzMtMi40NSA0LjU1LTQuMjUgNi4zNS0xLjggMS44LTMuOTE3IDMuMjA4LTYuMzUgNC4yMjVDMjkuNDE3IDQzLjQ5MiAyNi44IDQ0IDI0IDQ0Wm0tMi45NS0xMC45LTguMjUtOC4zIDIuMjUtMi4yNSA2IDYgMjAuNy0yMC43IDIuMyAyLjI1LTIzIDIzWiIvPjwvZz48L3N2Zz4=\" alt=\"\" style=\"object-fit:cover\"\/><\/figure>\n\n\n\n<div class=\"wp-block-group wp-container-content-958eb9dc has-global-padding is-layout-constrained wp-block-group-is-layout-constrained\">\n<h3 class=\"wp-block-heading\" style=\"font-size:clamp(14px, 0.875rem + ((1vw - 3.2px) * 0.625), 20px);line-height:1.5\">Atenci\u00f3n Integral y Personalizada<\/h3>\n\n\n\n<p class=\"has-small-font-size\" style=\"margin-top:4px\">Cada sesi\u00f3n se adapta a tus necesidades \u00fanicas, asegurando un acompa\u00f1amiento completo para tu bienestar f\u00edsico, emocional y energ\u00e9tico.<\/p>\n<\/div>\n<\/div>\n<\/div>\n<\/div>\n\n\n\n<div class=\"wp-block-cover alignwide\"><img loading=\"lazy\" decoding=\"async\" width=\"1440\" height=\"960\" class=\"wp-block-cover__image-background wp-image-45\" alt=\"\" src=\"https:\/\/francescadesalvia.com\/wp-content\/uploads\/2025\/11\/e488c9446c1429a7aab6d9b4bf83370b740cf9f7.jpg\" data-object-fit=\"cover\" srcset=\"https:\/\/francescadesalvia.com\/wp-content\/uploads\/2025\/11\/e488c9446c1429a7aab6d9b4bf83370b740cf9f7.jpg 1440w, https:\/\/francescadesalvia.com\/wp-content\/uploads\/2025\/11\/e488c9446c1429a7aab6d9b4bf83370b740cf9f7-300x200.jpg 300w, https:\/\/francescadesalvia.com\/wp-content\/uploads\/2025\/11\/e488c9446c1429a7aab6d9b4bf83370b740cf9f7-1024x683.jpg 1024w, https:\/\/francescadesalvia.com\/wp-content\/uploads\/2025\/11\/e488c9446c1429a7aab6d9b4bf83370b740cf9f7-768x512.jpg 768w\" sizes=\"auto, (max-width: 1440px) 100vw, 1440px\" \/><span aria-hidden=\"true\" class=\"wp-block-cover__background has-background-dim-0 has-background-dim\"><\/span><div class=\"wp-block-cover__inner-container is-layout-flow wp-block-cover-is-layout-flow\">\n<div style=\"height:380px\" aria-hidden=\"true\" class=\"wp-block-spacer\"><\/div>\n<\/div><\/div>\n<\/div>\n\n\n\n<div class=\"wp-block-group alignfull has-tertiary-background-color has-background has-global-padding is-layout-constrained wp-container-core-group-is-layout-7276a2bb wp-block-group-is-layout-constrained\" id=\"testimonios\" style=\"margin-top:0;margin-bottom:0;padding-top:var(--wp--preset--spacing--60);padding-right:var(--wp--preset--spacing--30);padding-bottom:var(--wp--preset--spacing--60);padding-left:var(--wp--preset--spacing--30)\">\n<div class=\"wp-block-group alignwide has-global-padding is-content-justification-center is-layout-constrained wp-block-group-is-layout-constrained\">\n<h3 class=\"wp-block-heading has-text-align-center\" style=\"margin-top:12px\">Como se desarrolla una sesi\u00f3n de Psicoterapia Pranica<\/h3>\n\n\n\n<p class=\"has-text-align-center\" style=\"margin-top:16px\">Durante una sesi\u00f3n de <strong>psicoterapia pr\u00e1nica<\/strong>, el trabajo se realiza en un entorno tranquilo y seguro, sin necesidad de contacto f\u00edsico. El terapeuta eval\u00faa el campo energ\u00e9tico y aplica t\u00e9cnicas espec\u00edficas para limpiar, equilibrar y fortalecer la energ\u00eda emocional y mental del paciente.<\/p>\n\n\n\n<p>El proceso facilita la liberaci\u00f3n de bloqueos, tensiones y pensamientos repetitivos, promoviendo una sensaci\u00f3n de calma, claridad y bienestar general. Con el paso de los d\u00edas, muchas personas notan una mayor estabilidad emocional, una mente m\u00e1s serena y una recuperaci\u00f3n m\u00e1s r\u00e1pida frente al estr\u00e9s.<\/p>\n\n\n\n<p class=\"has-text-align-center\" style=\"margin-top:16px\">Cada sesi\u00f3n se adapta a las necesidades individuales y puede combinarse con procesos de acompa\u00f1amiento psicol\u00f3gico tradicional, ofreciendo un enfoque <strong>integral y profundo<\/strong> que favorece la armon\u00eda entre mente, emoci\u00f3n y energ\u00eda.<\/p>\n<\/div>\n\n\n\n<div class=\"wp-block-columns alignwide is-layout-flex wp-container-core-columns-is-layout-28f84493 wp-block-columns-is-layout-flex\">\n<div class=\"wp-block-column is-vertically-aligned-stretch is-layout-flow wp-container-core-column-is-layout-8a368f38 wp-block-column-is-layout-flow\"><\/div>\n<\/div>\n<\/div>","protected":false},"excerpt":{"rendered":"<p>Mas efectiva que la psicoterapia cl\u00e1sica La psicoterapia pr\u00e1nica es un enfoque terap\u00e9utico que integra los principios de la psicolog\u00eda con las t\u00e9cnicas del Pranic Healing, orientado a restablecer el equilibrio emocional y mental a trav\u00e9s del trabajo energ\u00e9tico. Se basa en la comprensi\u00f3n de que los pensamientos y las emociones tienen una manifestaci\u00f3n bioenerg\u00e9tica [&hellip;]<\/p>\n","protected":false},"author":1,"featured_media":0,"parent":0,"menu_order":0,"comment_status":"closed","ping_status":"closed","template":"page-with-title","meta":{"footnotes":""},"class_list":["post-28","page","type-page","status-publish","hentry"],"_links":{"self":[{"href":"https:\/\/francescadesalvia.com\/it\/wp-json\/wp\/v2\/pages\/28","targetHints":{"allow":["GET"]}}],"collection":[{"href":"https:\/\/francescadesalvia.com\/it\/wp-json\/wp\/v2\/pages"}],"about":[{"href":"https:\/\/francescadesalvia.com\/it\/wp-json\/wp\/v2\/types\/page"}],"author":[{"embeddable":true,"href":"https:\/\/francescadesalvia.com\/it\/wp-json\/wp\/v2\/users\/1"}],"replies":[{"embeddable":true,"href":"https:\/\/francescadesalvia.com\/it\/wp-json\/wp\/v2\/comments?post=28"}],"version-history":[{"count":18,"href":"https:\/\/francescadesalvia.com\/it\/wp-json\/wp\/v2\/pages\/28\/revisions"}],"predecessor-version":[{"id":218,"href":"https:\/\/francescadesalvia.com\/it\/wp-json\/wp\/v2\/pages\/28\/revisions\/218"}],"wp:attachment":[{"href":"https:\/\/francescadesalvia.com\/it\/wp-json\/wp\/v2\/media?parent=28"}],"curies":[{"name":"wp","href":"https:\/\/api.w.org\/{rel}","templated":true}]}}